{"id":7074,"date":"2022-03-20T21:26:49","date_gmt":"2022-03-20T20:26:49","guid":{"rendered":"https:\/\/www.chliebpreukrajinu.sk\/?page_id=7074"},"modified":"2022-03-20T21:26:49","modified_gmt":"2022-03-20T20:26:49","slug":"vseobecne-podmienky","status":"publish","type":"page","link":"https:\/\/www.chliebpreukrajinu.sk\/uk\/vseobecne-podmienky\/","title":{"rendered":"V\u0161eobecn\u00e9 podmienky"},"content":{"rendered":"<p><strong>V\u0161eobecn\u00e9 podmienky<\/strong><\/p>\n\n\n\n<p>I.<\/p>\n\n\n\n<p>\u00davodn\u00e9 ustanovenia<\/p>\n\n\n\n<p>Tieto v\u0161eobecn\u00e9 podmienky stanovuj\u00fa pravidl\u00e1, za ktor\u00fdch prev\u00e1dzkujeme www.chliebpreukrajinu.sk a pr\u00edjmame dary, ktor\u00e9 s\u00fa ur\u010den\u00e9 na v\u00fdrobu a distrib\u00faciu chleba a pe\u010diva \u013eu\u010fom z Ukrajiny, ktor\u00ed utekaj\u00fa pred vojnou.<\/p>\n\n\n\n<p>II.<\/p>\n\n\n\n<p>Prev\u00e1dzkovate\u013e<\/p>\n\n\n\n<p>Prev\u00e1dzkovate\u013eom projektu Chlieb pre Ukrajinu je spolo\u010dnos\u0165 UNI, spol. s r.o., so s\u00eddlom: Bauerova 1 Ko\u0161ice &#8211; mestsk\u00e1 \u010das\u0165 S\u00eddlisko KVP, 040 23 Ko\u0161ice, I\u010cO: 36 203 939, (\u010falej len \u201ePrev\u00e1dzkovate\u013e\u201c).<\/p>\n\n\n\n<p>III.<br>Darovanie<\/p>\n\n\n\n<p>Poskytnut\u00edm daru vznik\u00e1 medzi Vami a Prev\u00e1dzkovate\u013eom darovacia zmluva pod\u013ea pr\u00edslu\u0161n\u00fdch ustanoven\u00ed Ob\u010dianskeho z\u00e1konn\u00edka.<\/p>\n\n\n\n<p>Prev\u00e1dzkovate\u013e vynalo\u017e\u00ed maxim\u00e1lne \u00fasilie na to, aby v\u0161etky darovan\u00e9 prostriedky boli pou\u017eit\u00e9 na \u00fa\u010del, na ktor\u00fd ste ich darovali.&nbsp;<\/p>\n\n\n\n<p>O vr\u00e1tenie daru m\u00e1te pr\u00e1vo po\u017eiada\u0165 pod\u013ea pr\u00edslu\u0161n\u00fdch ustanoven\u00ed Ob\u010dianskeho z\u00e1konn\u00edka.<\/p>\n\n\n\n<p>IV.<\/p>\n\n\n\n<p>Transparentn\u00fd \u00fa\u010det<\/p>\n\n\n\n<p>Finan\u010dn\u00fd pr\u00edspevok (\u010falej len \u201eDar\u201c) je mo\u017en\u00e9 zasla\u0165 na transparentn\u00fd \u00fa\u010det IBAN: SK4209000000005188674359, ktor\u00e9ho zria\u010fovate\u013eom je spolo\u010dnos\u0165 UNI, spol. s r.o., so s\u00eddlom: Bauerova 1 Ko\u0161ice &#8211; mestsk\u00e1 \u010das\u0165 S\u00eddlisko KVP, 040 23 Ko\u0161ice, I\u010cO: 36 203 939.&nbsp;&nbsp;<\/p>\n\n\n\n<p>Transparentn\u00fd \u00fa\u010det je be\u017en\u00fd bankov\u00fd \u00fa\u010det, ktor\u00fd je zverejnen\u00fd na \u0161peci\u00e1lnej str\u00e1nke <a href=\"https:\/\/transparentneucty.sk\/#\/ucet\/SK4209000000005188674359\">https:\/\/transparentneucty.sk\/#\/ucet\/SK4209000000005188674359<\/a> pre nahliadnutie verejnosti. Verejnos\u0165 si dok\u00e1\u017ee na tejto str\u00e1nke vyh\u013eada\u0165, aktu\u00e1lny stav a pohyby na \u00fa\u010dte.<\/p>\n\n\n\n<p>\u00da\u010det je veden\u00fd bankou Slovensk\u00e1 sporite\u013e\u0148a, a.s., so s\u00eddlom Tom\u00e1\u0161ikova 48, 832 37 Bratislava, I\u010cO: 00 151 653, spolo\u010dnos\u0165 zap\u00edsan\u00e1 v Obchodnom registri Okresn\u00e9ho s\u00fadu, oddiel Sa, vlo\u017eka \u010d. 601\/B (\u010falej ako \u201eBanka\u201c).<\/p>\n\n\n\n<p>V.<\/p>\n\n\n\n<p>Z\u00e1vere\u010dn\u00e9 ustanovenia<\/p>\n\n\n\n<p>Tieto V\u0161eobecn\u00e9 obchodn\u00e9 podmienky s\u00fa platn\u00e9 a \u00fa\u010dinn\u00e9 od 17.3.2022.<\/p>","protected":false},"excerpt":{"rendered":"<p>V\u0161eobecn\u00e9 podmienky I. \u00davodn\u00e9 ustanovenia Tieto v\u0161eobecn\u00e9 podmienky stanovuj\u00fa pravidl\u00e1, za ktor\u00fdch prev\u00e1dzkujeme www.chliebpreukrajinu.sk a pr\u00edjmame dary, ktor\u00e9 s\u00fa ur\u010den\u00e9 na v\u00fdrobu a distrib\u00faciu chleba a pe\u010diva \u013eu\u010fom z Ukrajiny, ktor\u00ed utekaj\u00fa pred vojnou. II. Prev\u00e1dzkovate\u013e Prev\u00e1dzkovate\u013eom projektu Chlieb pre Ukrajinu je spolo\u010dnos\u0165 UNI, spol. s r.o., so s\u00eddlom: Bauerova 1 Ko\u0161ice &#8211; mestsk\u00e1 \u010das\u0165 [&hellip;]<\/p>","protected":false},"author":1,"featured_media":0,"parent":0,"menu_order":0,"comment_status":"closed","ping_status":"closed","template":"","meta":[],"_links":{"self":[{"href":"https:\/\/www.chliebpreukrajinu.sk\/uk\/wp-json\/wp\/v2\/pages\/7074"}],"collection":[{"href":"https:\/\/www.chliebpreukrajinu.sk\/uk\/wp-json\/wp\/v2\/pages"}],"about":[{"href":"https:\/\/www.chliebpreukrajinu.sk\/uk\/wp-json\/wp\/v2\/types\/page"}],"author":[{"embeddable":true,"href":"https:\/\/www.chliebpreukrajinu.sk\/uk\/wp-json\/wp\/v2\/users\/1"}],"replies":[{"embeddable":true,"href":"https:\/\/www.chliebpreukrajinu.sk\/uk\/wp-json\/wp\/v2\/comments?post=7074"}],"version-history":[{"count":1,"href":"https:\/\/www.chliebpreukrajinu.sk\/uk\/wp-json\/wp\/v2\/pages\/7074\/revisions"}],"predecessor-version":[{"id":7075,"href":"https:\/\/www.chliebpreukrajinu.sk\/uk\/wp-json\/wp\/v2\/pages\/7074\/revisions\/7075"}],"wp:attachment":[{"href":"https:\/\/www.chliebpreukrajinu.sk\/uk\/wp-json\/wp\/v2\/media?parent=7074"}],"curies":[{"name":"wp","href":"https:\/\/api.w.org\/{rel}","templated":true}]}}